{"id":99,"date":"2019-05-28T10:16:40","date_gmt":"2019-05-28T10:16:40","guid":{"rendered":"http:\/\/rapian.de\/?page_id=99"},"modified":"2026-03-29T09:42:32","modified_gmt":"2026-03-29T09:42:32","slug":"termine","status":"publish","type":"page","link":"https:\/\/rapian.de\/?page_id=99","title":{"rendered":"Termine"},"content":{"rendered":"\n<p class=\"has-text-align-center has-very-dark-gray-color has-text-color\"><strong>Wenn ihr uns mal live und in Farbe sehen wollt seid ihr hier richtig. Hier findet ihr alle anstehenden Veranstaltungen an denen wir teilnehmen werden . Wir freuen uns auf jeden von euch, der mal vorbei kommen will. <\/strong><\/p>\n\n\n\n<p class=\"has-text-align-center has-very-dark-gray-color has-text-color\">Nat\u00fcrlich spielen wir auch gerne auf privaten Feiern aller Art. Solltest Du auch Lust auf uns haben, schicke uns einfach eine E-Mail.<\/p>\n\n\n\n<h2 class=\"wp-block-heading\">Aktuelle Termine<\/h2>\n\n\n\n<p class=\"has-medium-font-size\"><strong>Sa. 11 July April 2026 &#8211; 18 Uhr, Freundeskreis-Pavillion Kirchheim<\/strong><\/p>\n\n\n\n<p>Heimstettnerstrasse (N\u00e4he neues Rathaus), Kirchheim, 2 Stunden-Set<\/p>\n\n\n\n<p>Bei schlechten Wetter Ausweichtermin am 18 July<\/p>\n\n\n\n<p class=\"has-medium-font-size\"><strong>Sa. 18 April 2026 &#8211; 19 Uhr, alte Metzgerei Dachau<\/strong><\/p>\n\n\n\n<p>Burgfriedenstrasse 3 <\/p>\n\n\n\n<p>Wir d\u00fcrfen in dieser kleinen Kulturst\u00e4tte des &#8222;jetzt.ev&#8220; Dachaus unser 2 Stunden-Set aufspielen<\/p>\n\n\n\n<p class=\"has-medium-font-size\"><strong>Fr. 17 April 2026 &#8211; 19 Uhr,  DTQ im B\u00fcrgerverein Dachau Ost<\/strong><\/p>\n\n\n\n<p>Diese Veranstaltung f\u00e4llt aus und wird auf einen sp\u00e4teren Zeitpunkt verschoben<\/p>\n\n\n\n<p>&#8212;&#8212;&#8212;&#8212;&#8212;&#8212;&#8212;&#8212;&#8212;&#8212;&#8212;&#8212;&#8212;&#8212;&#8212;&#8212;&#8212;&#8212;&#8212;&#8212;&#8212;&#8212;&#8212;&#8212;&#8212;&#8212;&#8212;&#8212;&#8212;&#8212;&#8212;&#8212;&#8212;&#8212;&#8212;&#8212;&#8212;&#8211;<\/p>\n\n\n\n<h2 class=\"wp-block-heading\">Vergangene Auftritte<\/h2>\n\n\n\n<p><strong>11 Oktober 2025, 18 Uhr &#8211; ca. 20.30 Uhr, Freundeskreis-Pavillion Kirchheim<\/strong><\/p>\n\n\n\n<p>Nach der Landesgartenschau 2024 in Kirchheim blieb der Freundeskreis Pavillion bestehen. Dort finden immer wieder nette kleine Verantaltungen statt. Und auch wir d\u00fcrfen hier auftreten<\/p>\n\n\n\n<p>zu finden ist das Pavillion bei Eingabe Freundeskreis Pavillion Kirchheim in Google-Maps<\/p>\n\n\n\n<p class=\"has-medium-font-size\"><strong>06 Juli 2025, Interkultutelles Familienfest<\/strong><\/p>\n\n\n\n<p>Das Fest findet in Dachau Rund um den Ernst-Reuter-Platz von 12 Uhr bis 17.30 Uhr statt. Wir spielen von ca. 16.55 Uhr bis 17.15 Uhr<\/p>\n\n\n\n<p class=\"has-medium-font-size\"><strong>10 Mai 2025, Garten-Center Gottschalk<\/strong><\/p>\n\n\n\n<p>Auch in diesem Jahr d\u00fcrfen wir wieder ein Open-Air Einkaufskonzert von ca. !0 bis 12 Uhr im Garten-Center Gottschalk machen.<\/p>\n\n\n\n<p>Gewerbezentrum Markt-Indersdorf<\/p>\n\n\n\n<p class=\"has-medium-font-size\"><strong>19.04.25: Musik-Samstag, Strassenmusik in Wasserburg<\/strong><\/p>\n\n\n\n<p>am 19.04, von 10.30 Uhr bis 13 Uhr spielen wir in Wasserburg Ecke Salzender Zeile<\/p>\n\n\n\n<p>es wird ein typisches Strassenkonzert, hoffen wir auf gutes Wetter<\/p>\n\n\n\n<p class=\"has-medium-font-size\"><strong>21. Februar 2025, DTQ-Kulturaben im B\u00fcrgertreff<\/strong><\/p>\n\n\n\n<p>Auch dieses Jahr findet im B\u00fcrgertreff Dachau-Ost, Ernst-Reuter Platz, mehrere DTQ-Musikabende statt<\/p>\n\n\n\n<p>Wir spielen ab 19 Uhr f\u00fcr ca. 2x 45 Minuten<\/p>\n\n\n\n<hr class=\"wp-block-separator has-alpha-channel-opacity\"\/>\n\n\n\n<p class=\"has-medium-font-size\"><strong>30.11.24  &#8211; Winterzauber und K\u00fcnstlermarkt, Ernst-Reuter Platz, Dachau<\/strong><\/p>\n\n\n\n<p>Dieses Jahr findet neben den K\u00fcnstlermarkt im Adolf-H\u00f6lzel-Saal auch ein kleiner Winterzauber auf dem Ernst-Reuter-Platz statt.<\/p>\n\n\n\n<p>Neben anderen Musikanten und Vorf\u00fchrungen d\u00fcrfen auch wir f\u00fcr eine halbe Stunde unser Bestes geben.<\/p>\n\n\n\n<p class=\"has-medium-font-size\"><strong>29.08.2024  &#8211; Vernisage im B\u00fcrgertreff Dachau &#8211; ab 19 Uhr<\/strong><\/p>\n\n\n\n<p class=\"has-medium-font-size\">Wir d\u00fcrfen die Vernisage (Kunstaustellung) musikalisch mit Irish-Folk begleiten.<br>Die Austellung finded im B\u00fcrgertreff Ernst-Reuter-Platz in Dachau statt<\/p>\n\n\n\n<p><strong>16.08.2024 &#8211; Landesgartenschau Kirchheim &#8211; 15.00 bis 17.00 Uhr<\/strong><\/p>\n\n\n\n<p>Dieses Jahr d\u00fcrfen wir  bei der Bayerischen Landesgartenschau Kirchheim im Gr\u00fcnen (Felseninsel) aufspielen. Einfach mal durch den Garten wandern, die Ausstellung genie\u00dfen, und dann bei uns verweilen<\/p>\n\n\n\n<p class=\"has-medium-font-size\"><strong>30.06.2024  &#8211;  Interkultutelles Familienfest Dachau<\/strong><\/p>\n\n\n\n<p class=\"has-black-color has-text-color\">Dieses Jahr findet das Interkulturelle Familienfest in Dachau-Ost am 30 Juni statt<\/p>\n\n\n\n<p class=\"has-black-color has-text-color\">Das Fest findet  im Fonje-Park rund um den Ernst-Reuter-Platz in Dachau-Ost statt.<\/p>\n\n\n\n<p>Wir spielen von 16.30 bis 17.00 Uhr<\/p>\n\n\n\n<p class=\"has-medium-font-size\"><strong>11.05.2024  Akustischer Liveauftritt im Au\u00dfenbereich Gartencenter Gottschalk<\/strong><\/p>\n\n\n\n<p>Gewerbegebiet Markt Indersdorf, Industriestrasse 41<\/p>\n\n\n\n<p>von ca 10 bis 12 Uhr, nur bei sch\u00f6nen Wetter (Ausweichtermin 18.05.2024)<\/p>\n\n\n\n<p class=\"has-medium-font-size\"><strong>25.08.2023 &#8211; Kiosk 1917<\/strong><\/p>\n\n\n\n<p>M\u00fcnchen, Tierparkstrasse 2<\/p>\n\n\n\n<p>von ca 18 bis 20 Uhr, nur bei sch\u00f6nen Wetter (open Air Veranstaltung)<\/p>\n\n\n\n<p><\/p>\n\n\n\n<p><\/p>\n\n\n\n<p><\/p>\n\n\n\n<p class=\"has-medium-font-size\"><strong>29.07.2023  Akustischer Liveauftritt im Au\u00dfenbereich Gartencenter Gottschalk<\/strong><\/p>\n\n\n\n<p>Gewerbegebiet Markt Indersdorf, Industriestrasse 41<\/p>\n\n\n\n<p>von ca 10 bis 12 Uhr, nur bei sch\u00f6nen Wetter<\/p>\n\n\n\n<p>Ausweichtermine am 05, bzw. 12 August<\/p>\n\n\n\n<p class=\"has-medium-font-size\"><strong>02.07.2023    Interkulturelles Familien Fest Dachau<\/strong><\/p>\n\n\n\n<p>Auch in diesem Jahr findet am Ernst-Reuter-Platz in Dachau wieder das Kultur-Fest statt.<\/p>\n\n\n\n<p>Wir d\u00fcrren zwei kleine musikalische Beitr\u00e4ge leisten:  <\/p>\n\n\n\n<p><\/p>\n\n\n\n<p>von 13.00 Uhr bis 13.15 Uhr<\/p>\n\n\n\n<p>von 17.00 Uhr bis 17.30 Uhr<\/p>\n\n\n\n<p><\/p>\n\n\n\n<p><\/p>\n\n\n\n<p><\/p>\n\n\n\n<p><\/p>\n\n\n\n<p><\/p>\n\n\n\n<p><\/p>\n\n\n\n<p><\/p>\n\n\n\n<p class=\"has-medium-font-size\"><strong>21.04.2023        Musikabend des B\u00fcrgervereins Dachau-Ost<\/strong><\/p>\n\n\n\n<p>Dieses Jahr finden 5 Musikabende des B\u00fcrgervereins Dachau-Ost statt.<\/p>\n\n\n\n<p>Wir d\u00fcrfen den Anfang machen und dabei unser gesamtes Set zum besten geben<\/p>\n\n\n\n<p>Ort: Veranstaltungsraum des B\u00fcrgervereins Dachau-Ost am <strong>Ernst-Reuter-Platz<\/strong><\/p>\n\n\n\n<p><strong>Einlass 19 Uhr, Eintritt frei<\/strong><\/p>\n\n\n\n<p><\/p>\n\n\n\n<h5 class=\"wp-block-heading has-black-color has-text-color\">03.07.2022        Interkulturelles Familien Fest Dachau<\/h5>\n\n\n\n<p class=\"has-black-color has-text-color\">Dieses Jahr findet wieder das Interkulturelle Familienfest in Dachau-Ost statt, und wir d\u00fcrfen einen musikalischen Beitrag leisten.<\/p>\n\n\n\n<p class=\"has-black-color has-text-color\"> Wir spielen 2 kurze Sets: <\/p>\n\n\n\n<p class=\"has-black-color has-text-color\">Einmal von 13.45 Uhr bis 14.00 Uhr, und dann von 16.30 Uhr bis 17.00 Uhr nochmal.<\/p>\n\n\n\n<p class=\"has-black-color has-text-color\">Das Fest findet rund um den Ernst-Reuter-Platz in Dachau-Ost statt.<\/p>\n\n\n\n<h5 class=\"wp-block-heading\">14.05.2022              Gans Woanders<\/h5>\n\n\n\n<p><\/p>\n\n\n\n<p class=\"has-black-color has-text-color\">Den Auftakt dieses Jahr macht das Gans Woanders in M\u00fcnchen. Am Samstag, den 14.05 d\u00fcrfen wir dort ab 19.00 bis 20.30 unser K\u00f6nnen auf ihrer Kleinkunstb\u00fchne zum Besten geben. Wenn ihr wollt schaut gerne vorbei. Das Ganze kostet keinen Eintritt und nat\u00fcrlich freuen wir uns \u00fcber jeden der kommt \ud83d\ude42<\/p>\n\n\n\n<div style=\"height:60px\" aria-hidden=\"true\" class=\"wp-block-spacer\"><\/div>\n\n\n\n<h5 class=\"wp-block-heading\">8 August 2021 &#8211; Auftritt im Interkulturellen Familienfest Dachau. Nur Life-Stream ohne Zuschauer<\/h5>\n\n\n\n<div style=\"height:60px\" aria-hidden=\"true\" class=\"wp-block-spacer\"><\/div>\n\n\n\n<h5 class=\"wp-block-heading\">16 Oktober 2020,  Freitag  &#8212; Termin entf\u00e4llt auf Grund der Corona-Pandemie <\/h5>\n\n\n\n<p class=\"has-black-color has-text-color\">Irish-Folk-Abend im    &#8212;     Jeaneys Live Music Pub     &#8212;  <strong>                                                                         <a href=\"https:\/\/www.bing.com\/local?lid=YN6740x15507686775561700409&amp;id=YN6740x15507686775561700409&amp;q=Jeaneys+Live+Music+Pub&amp;name=Jeaneys+Live+Music+Pub&amp;cp=48.17744827270508%7e11.255188941955566&amp;ppois=48.17744827270508_11.255188941955566_Jeaneys+Live+Music+Pub&amp;FORM=SNAPST\">M\u00fcnchener Str. 3 \u00b7 82256 F\u00fcrstenfeldbruck<\/a>                                                        <\/strong>                                                      weiteres siehe unten bei entfallenden Jeaneys Termin<\/p>\n\n\n\n<div style=\"height:60px\" aria-hidden=\"true\" class=\"wp-block-spacer\"><\/div>\n\n\n\n<h5 class=\"wp-block-heading has-very-dark-gray-color has-text-color\"><strong>31.07.2020         Irish-Folk-Abend im Jeanies in F\u00fcrstenfeldbruck<\/strong> <strong>(ENTFALLEN)<\/strong><\/h5>\n\n\n\n<p class=\"has-very-dark-gray-color has-text-color\">Das Jeannies ist eine kleine Musikkneipe in FFB, die erst Ende des letzten Jahres wieder ge\u00f6ffnet hat, es sich aber zum Ziel gesetzt hat die Musikszene in FFB zu bereichern. Es finden dort in Zukunft immer mal wieder Musikabende zu bestimmten Themen statt. Wir d\u00fcrfen am 31 Juli, ab ca. 20.30 unser K\u00f6nnen dort zum Besten geben und hoffen nat\u00fcrlich auf ein zahlreiches Publikum. Das Ganze soll bis ca 23.00 gehen und kostet keinen Eintritt \ud83d\ude42<\/p>\n\n\n\n<div style=\"height:61px\" aria-hidden=\"true\" class=\"wp-block-spacer\"><\/div>\n\n\n\n<h5 class=\"wp-block-heading\"><strong>22.02.2020          Irish-Folk-Abend im B\u00fcrgertreff Dachau-Ost<\/strong><\/h5>\n\n\n\n<p class=\"has-text-align-left has-very-dark-gray-color has-text-color\">Hi ihr Lieben, wir spielen am 22.02 (Samstag) im B\u00fcrgertreff in Dachau-Ost. Wir werden den ganzen Abend immer mal wieder ein paar Lieder spielen, werden dabei aber einmal durch unser gesamtes Set kommen. Wenn ihr uns also mal live h\u00f6ren wollt, ist das eure Chance. Die Organisatoren vom B\u00fcrgertreff stellen au\u00dferdem typisch irisches Essen und Getr\u00e4nke, also gibt es noch mehr gute Gr\u00fcnde vorbei zu schauen. Wir freuen uns auf alle, die kommen \ud83d\ude42<\/p>\n\n\n\n<div style=\"height:57px\" aria-hidden=\"true\" class=\"wp-block-spacer\"><\/div>\n\n\n\n<h5 class=\"wp-block-heading has-very-dark-gray-color has-text-color\"><strong>07.12.2019          Sportgastst\u00e4tte Pasing<\/strong><\/h5>\n\n\n\n<p class=\"has-very-dark-gray-color has-text-color\">Zusammen mit befreundeten Bands haben wir einen netten Abend in der Sportgastst\u00e4tte in Pasing gestaltet. Vielen M\u00fcnchner Country-Fans sollte diese Location ja mittlerweile ein Begriff sein.<\/p>\n\n\n\n<div style=\"height:42px\" aria-hidden=\"true\" class=\"wp-block-spacer\"><\/div>\n\n\n\n<h5 class=\"wp-block-heading has-very-dark-gray-color has-text-color\"><strong>26.10.2019          Geburtstagsfeier (privat)<\/strong><\/h5>\n\n\n\n<p class=\"has-very-dark-gray-color has-text-color\">Wir spielen auf der Geburtstagsfeier einer guten Freundin unserer S\u00e4ngerin. Obwohl das ganze nur in kleinem Rahmen stattfindet werden wir den Abend zu etwas ganz besonderem machen.<\/p>\n\n\n\n<div style=\"height:49px\" aria-hidden=\"true\" class=\"wp-block-spacer\"><\/div>\n\n\n\n<h5 class=\"wp-block-heading has-very-dark-gray-color has-text-color\"><strong>07.09.2019            Lange Tafel in Dachau<\/strong><\/h5>\n\n\n\n<p class=\"has-very-dark-gray-color has-text-color\">Wie in den letzten Jahren findet auch dieses Jahr am 7ten September wieder die Lange Tafel in Dachau statt. Und dieses Jahr sind wir mit am Start \ud83d\ude42<\/p>\n\n\n\n<p class=\"has-very-dark-gray-color has-text-color\">Wir spielen ab 15.00 auf der Volksbankb\u00fchne und unterhalten euch dort f\u00fcr ganze 75 Minuten! Weder Regen noch K\u00e4lte werden uns davon abhalten unsere Musik zum Besten zu geben. Wenn ihr wollt sieht man sich dort, wir freuen uns \u00fcber jeden Zuschauer!<\/p>\n\n\n\n<div style=\"height:54px\" aria-hidden=\"true\" class=\"wp-block-spacer\"><\/div>\n\n\n\n<h5 class=\"wp-block-heading has-very-dark-gray-color has-text-color\"><strong>13.06.2019            Fuchsien-Friedl in Markt Indersdorf<\/strong><\/h5>\n\n\n\n<p class=\"has-very-dark-gray-color has-text-color\">Die G\u00e4rtnerei Fuchsien-Friedl er\u00f6ffnet ihren Fuchsiengarten. Und wir spielen ab 18.00 Uhr zur Erheiterung aller G\u00e4ste. Eintritt ist frei. N\u00e4here Informationen gibt es <a href=\"https:\/\/www.fuchsien-friedl.de\/index.php\" target=\"_blank\" rel=\"noreferrer noopener\" aria-label=\" (\u00f6ffnet in neuem Tab)\">hier auf der Webseite der G\u00e4rtnerei<\/a>. <\/p>\n\n\n\n<div style=\"height:48px\" aria-hidden=\"true\" class=\"wp-block-spacer\"><\/div>\n\n\n\n<h5 class=\"wp-block-heading has-very-dark-gray-color has-text-color\"><strong>23.03.2019         Ehrenamtsessen des B\u00fcrgertreff Dachau-Ost (privat)<\/strong><\/h5>\n\n\n\n<div style=\"height:37px\" aria-hidden=\"true\" class=\"wp-block-spacer\"><\/div>\n\n\n\n<h5 class=\"wp-block-heading has-very-dark-gray-color has-text-color\"><strong>19.01.2019          Neujahrfest der Gr\u00fcnen-Partei in Dachau<\/strong><\/h5>\n\n\n\n<p class=\"has-very-dark-gray-color has-text-color\">Am 19.01 veranstalten die Gr\u00fcnen in Dachau im Zieglerbr\u00e4u wieder ihren traditionellen Neujahrsempfang &#8211; und wir d\u00fcrfen sie dabei wieder musikalisch begleiten. Au\u00dferdem gibt es wieder viele Reden zu aktuellen Themen und leckere H\u00e4ppchen. Wenn ihr wollt (und ein bisschen politisch interessiert seid) kommt vorbei. Wir und die Versanstalter freuen uns.<\/p>\n\n\n\n<div style=\"height:52px\" aria-hidden=\"true\" class=\"wp-block-spacer\"><\/div>\n\n\n\n<h5 class=\"wp-block-heading has-very-dark-gray-color has-text-color\"><strong>05.08.2018          Marktfest in Indersdorf<\/strong><\/h5>\n\n\n\n<p class=\"has-very-dark-gray-color has-text-color\">Am 05.08 ist Marktfest in Indersdorf &#8211; und neben der traditionellen bayrischen Musik die zu solchen Veranstaltungen typisch ist d\u00fcrfen diesmal wir unser K\u00f6nnen zum Besten geben. Wir spielen nachmittags um 15.00 auf der Hauptb\u00fchne und hoffen nat\u00fcrlich das ihr vorbei kommt, wenn ihr in der N\u00e4he seid und Lust habt.<\/p>\n\n\n\n<div style=\"height:47px\" aria-hidden=\"true\" class=\"wp-block-spacer\"><\/div>\n\n\n\n<h5 class=\"wp-block-heading has-very-dark-gray-color has-text-color\"><strong>12.05.2018          MAKS in Dachau<\/strong><\/h5>\n\n\n\n<p class=\"has-very-dark-gray-color has-text-color\">Die befreundete Irish-Folk-Band T4U veranstaltet ein kleines Irish-Folk-Festival fast vor unserer Haust\u00fcr  &#8211;  das lassen wir uns nat\u00fcrlich nicht entgehen. Am 12.05 ab 20.00 in Dachau auf der Ludwig-Thoma-Wiese spielen wir zusammen mit ihnen und einer Handvoll anderer Musiker f\u00fcr euch den ganzen Abend nur Irish-Folk. Also die perfekte Gelegenheit f\u00fcr alle Fans der Musikrichtung.<\/p>\n\n\n\n<div style=\"height:43px\" aria-hidden=\"true\" class=\"wp-block-spacer\"><\/div>\n\n\n\n<h5 class=\"wp-block-heading has-very-dark-gray-color has-text-color\"><strong>17.03.2018          Ostival in Dachau<\/strong><\/h5>\n\n\n\n<p class=\"has-very-dark-gray-color has-text-color\">Am 17.03 ist wieder das Ostival in Dachau und diesmal sind wir mit dabei. Wir k\u00f6nnen leider noch nicht sagen, wann genau wir an dem Abend spielen &#8211; ihr bleibt also am Besten f\u00fcr alle Bands. Der Veranstalter ist wieder der B\u00fcrgertreff Dachau-Ost und Eintritt ist frei &#8211; noch ein Grund mehr zu kommen.<\/p>\n\n\n\n<div style=\"height:52px\" aria-hidden=\"true\" class=\"wp-block-spacer\"><\/div>\n\n\n\n<h5 class=\"wp-block-heading has-very-dark-gray-color has-text-color\"><strong>Januar 2018          Neujahrsempfang bei den Gr\u00fcnen in Dachau<\/strong><\/h5>\n\n\n\n<p class=\"has-very-dark-gray-color has-text-color\">Die Gr\u00fcnen haben wie jedes Jahr ihren traditionellen Neujahrsempfang veranstaltet &#8211; und neben H\u00e4ppchen und guten Reden waren wir diesmal als Unterhaltungsprogramm mit dabei. Wir haben uns gefreut und sagen : Gerne wieder!<\/p>\n\n\n\n<div style=\"height:53px\" aria-hidden=\"true\" class=\"wp-block-spacer\"><\/div>\n\n\n\n<h5 class=\"wp-block-heading has-very-dark-gray-color has-text-color\"><strong>Dezember 2017        Winterzauber des B\u00fcrgertreff Dachau-Ost<\/strong><\/h5>\n\n\n\n<h5 class=\"wp-block-heading has-very-dark-gray-color has-text-color\"><strong>Oktober 2017           Offener Schrannen-jam in der Kulturschranne Dachau<\/strong><\/h5>\n\n\n\n<h5 class=\"wp-block-heading has-very-dark-gray-color has-text-color\"><strong>August 2017             Gastauftritt in der Pasinger Sportgastst\u00e4tte<\/strong><\/h5>\n\n\n\n<h5 class=\"wp-block-heading has-very-dark-gray-color has-text-color\"><strong>11 \/ 12. 08.2017         ITF Halbergmoos<\/strong><\/h5>\n\n\n\n<h5 class=\"wp-block-heading has-very-dark-gray-color has-text-color\"><strong>Juli 2017                   Sportgastst\u00e4tte Feldgeding<\/strong><\/h5>\n\n\n\n<h5 class=\"wp-block-heading has-very-dark-gray-color has-text-color\"><strong>16.04.2017                Musik4All Sommerfest<\/strong><\/h5>\n\n\n\n<h5 class=\"wp-block-heading has-very-dark-gray-color has-text-color\"><strong>April 2017                Band-Gr\u00fcndung<\/strong><\/h5>\n\n\n\n<p><\/p>\n","protected":false},"excerpt":{"rendered":"<p>Wenn ihr uns mal live und in Farbe sehen wollt seid ihr hier richtig. Hier findet ihr alle anstehenden Veranstaltungen an denen wir teilnehmen werden . Wir freuen uns auf jeden von euch, der mal vorbei kommen will. Nat\u00fcrlich spielen wir auch gerne auf privaten Feiern aller Art. Solltest Du auch Lust auf uns haben,&hellip; <br \/> <a class=\"read-more\" href=\"https:\/\/rapian.de\/?page_id=99\">Weiterlesen<\/a><\/p>\n","protected":false},"author":1,"featured_media":0,"parent":0,"menu_order":0,"comment_status":"closed","ping_status":"closed","template":"","meta":{"footnotes":""},"class_list":["post-99","page","type-page","status-publish","hentry"],"_links":{"self":[{"href":"https:\/\/rapian.de\/index.php?rest_route=\/wp\/v2\/pages\/99"}],"collection":[{"href":"https:\/\/rapian.de\/index.php?rest_route=\/wp\/v2\/pages"}],"about":[{"href":"https:\/\/rapian.de\/index.php?rest_route=\/wp\/v2\/types\/page"}],"author":[{"embeddable":true,"href":"https:\/\/rapian.de\/index.php?rest_route=\/wp\/v2\/users\/1"}],"replies":[{"embeddable":true,"href":"https:\/\/rapian.de\/index.php?rest_route=%2Fwp%2Fv2%2Fcomments&post=99"}],"version-history":[{"count":116,"href":"https:\/\/rapian.de\/index.php?rest_route=\/wp\/v2\/pages\/99\/revisions"}],"predecessor-version":[{"id":654,"href":"https:\/\/rapian.de\/index.php?rest_route=\/wp\/v2\/pages\/99\/revisions\/654"}],"wp:attachment":[{"href":"https:\/\/rapian.de\/index.php?rest_route=%2Fwp%2Fv2%2Fmedia&parent=99"}],"curies":[{"name":"wp","href":"https:\/\/api.w.org\/{rel}","templated":true}]}}