{"id":473,"date":"2022-02-16T15:34:02","date_gmt":"2022-02-16T15:34:02","guid":{"rendered":"https:\/\/rapian.de\/?page_id=473"},"modified":"2022-02-16T17:18:24","modified_gmt":"2022-02-16T17:18:24","slug":"bewegte-bilder","status":"publish","type":"page","link":"https:\/\/rapian.de\/?page_id=473","title":{"rendered":"Bewegte-Bilder"},"content":{"rendered":"\n<p class=\"has-text-align-center has-black-color has-text-color\"><strong>Hier findet ihr nicht nur langweilige statische Bilder von unseren Auftritten sonder sogar bewegte &#8211; und mit Ton! Leider sind viele der Aufnahmen von zubelnden und tanzenden Zuschauern und mit dem Handy gemacht, also schwangt die Qualit\u00e4t. Aber einen Einblick wie wir live sind geben sie alle mal.<\/strong><\/p>\n\n\n\n<div style=\"height:100px\" aria-hidden=\"true\" class=\"wp-block-spacer\"><\/div>\n\n\n\n<figure class=\"wp-block-video\"><video controls src=\"https:\/\/rapian.de\/wp-content\/uploads\/2020\/01\/Galway-Girl.mp4\"><\/video><figcaption><strong>Galaway Girl live in der G\u00e4rtnerei Fuchs &#8211; leider erst ab der H\u00e4lfte, aber die hintere H\u00e4lfte ist sowieso spannender \ud83d\ude42<\/strong><\/figcaption><\/figure>\n\n\n\n<figure class=\"wp-block-video\"><video controls src=\"https:\/\/rapian.de\/wp-content\/uploads\/2020\/01\/Raggle-Taggle-Gypsy.mp4\"><\/video><figcaption><strong>Raggle Taggle Gypsy vom gleichen Event &#8211; auch hier hat der Kameramann leider etwas geschlafen<\/strong><\/figcaption><\/figure>\n","protected":false},"excerpt":{"rendered":"<p>Hier findet ihr nicht nur langweilige statische Bilder von unseren Auftritten sonder sogar bewegte &#8211; und mit Ton! Leider sind viele der Aufnahmen von zubelnden und tanzenden Zuschauern und mit dem Handy gemacht, also schwangt die Qualit\u00e4t. Aber einen Einblick wie wir live sind geben sie alle mal.<\/p>\n","protected":false},"author":1,"featured_media":0,"parent":0,"menu_order":0,"comment_status":"closed","ping_status":"closed","template":"","meta":{"footnotes":""},"class_list":["post-473","page","type-page","status-publish","hentry"],"_links":{"self":[{"href":"https:\/\/rapian.de\/index.php?rest_route=\/wp\/v2\/pages\/473"}],"collection":[{"href":"https:\/\/rapian.de\/index.php?rest_route=\/wp\/v2\/pages"}],"about":[{"href":"https:\/\/rapian.de\/index.php?rest_route=\/wp\/v2\/types\/page"}],"author":[{"embeddable":true,"href":"https:\/\/rapian.de\/index.php?rest_route=\/wp\/v2\/users\/1"}],"replies":[{"embeddable":true,"href":"https:\/\/rapian.de\/index.php?rest_route=%2Fwp%2Fv2%2Fcomments&post=473"}],"version-history":[{"count":3,"href":"https:\/\/rapian.de\/index.php?rest_route=\/wp\/v2\/pages\/473\/revisions"}],"predecessor-version":[{"id":489,"href":"https:\/\/rapian.de\/index.php?rest_route=\/wp\/v2\/pages\/473\/revisions\/489"}],"wp:attachment":[{"href":"https:\/\/rapian.de\/index.php?rest_route=%2Fwp%2Fv2%2Fmedia&parent=473"}],"curies":[{"name":"wp","href":"https:\/\/api.w.org\/{rel}","templated":true}]}}