{"id":103,"date":"2019-05-28T10:16:40","date_gmt":"2019-05-28T10:16:40","guid":{"rendered":"http:\/\/rapian.de\/?page_id=103"},"modified":"2022-04-21T09:31:45","modified_gmt":"2022-04-21T09:31:45","slug":"sonstiges","status":"publish","type":"page","link":"https:\/\/rapian.de\/?page_id=103","title":{"rendered":"Studioaufnahmen"},"content":{"rendered":"\n<p class=\"has-text-align-center has-black-color has-text-color\"><strong>Ja,  ihr habt richtig gelesen. Es gibt jetzt fast professionelle Aufnahmen von einigen unserer Lieder. Jimmy Swamp, ein befreundeter Musiker, besitzt in seinen Proberaum ein Aufnahmef\u00e4higes Mischpult und hat uns sein Know-How und seine Zeit zur Verf\u00fcgung gestellt. Das haben wir nat\u00fcrlich gerne angenommen und einige unserer Lieder aufgenommen. <\/strong><\/p>\n\n\n\n<p class=\"has-text-align-center has-black-color has-text-color\"><strong>Es ist eine sogenannte Live-Act Aufnahme, das hei\u00dft, nach dem Ausmischen spielten wir die Lieder wie bei einem Auftritt, nur ohne Publikum, Live ein<\/strong>. <strong>(Im Gegensatz dazu wird in &#8222;richtigen&#8220; Musikstudios in der Regel singulare Tracks der einzelnen Instrumente aufgenommen und sp\u00e4ter sinnvoll ausgesteuert eingemischt)<\/strong><\/p>\n\n\n\n<p class=\"has-text-align-center has-black-color has-text-color\"><strong>Leider ist die Aussteuerung noch nicht an allen Stellen optimal, so dass die Aufnahmen insgesamt, aber vor allem die Fl\u00f6te von Pia, leider etwas leise ist. Also nicht wundern, wenn ihr die Lautsprecher weiter aufdrehen m\u00fcsst. <\/strong><\/p>\n\n\n\n<p class=\"has-text-align-center has-black-color has-text-color\"><strong>Und wir sind zuversichtlich, dass die restlichen Songs auch noch folgen werden.<\/strong><\/p>\n\n\n\n<p class=\"has-text-align-center has-black-color has-text-color\"><strong>Alle Studio-Aufnahmen findet ihr ab sofort hier, die Live-Mitschnitte und Live-Videos immer noch <a href=\"https:\/\/rapian.de\/?page_id=23\">hier<\/a><\/strong>.<\/p>\n\n\n\n<div style=\"height:101px\" aria-hidden=\"true\" class=\"wp-block-spacer\"><\/div>\n\n\n\n<h2 class=\"wp-block-heading\">CD 1<\/h2>\n\n\n\n<div style=\"height:38px\" aria-hidden=\"true\" class=\"wp-block-spacer\"><\/div>\n\n\n\n<figure class=\"wp-block-audio\"><audio controls src=\"https:\/\/rapian.de\/wp-content\/uploads\/2021\/02\/01-Molly-Melone.mp3\"><\/audio><figcaption><strong>Molly Melone<\/strong><\/figcaption><\/figure>\n\n\n\n<figure class=\"wp-block-audio\"><audio controls src=\"https:\/\/rapian.de\/wp-content\/uploads\/2021\/02\/02-Bonny-Ship-The-Diamond.mp3\"><\/audio><figcaption><strong>Bonny Ship the Diamond<\/strong><\/figcaption><\/figure>\n\n\n\n<figure class=\"wp-block-audio\"><audio controls src=\"https:\/\/rapian.de\/wp-content\/uploads\/2021\/02\/03-Foggy-Dew.mp3\"><\/audio><figcaption><strong>Foggy Dew<\/strong><\/figcaption><\/figure>\n\n\n\n<figure class=\"wp-block-audio\"><audio controls src=\"https:\/\/rapian.de\/wp-content\/uploads\/2021\/02\/04-Leaving-For-Liverpool.mp3\"><\/audio><figcaption><strong>Leaving of Liverpool<\/strong><\/figcaption><\/figure>\n\n\n\n<figure class=\"wp-block-audio\"><audio controls src=\"https:\/\/rapian.de\/wp-content\/uploads\/2021\/02\/05-Spancil-Hill.mp3\"><\/audio><figcaption><strong>Spancil Hill<\/strong><\/figcaption><\/figure>\n\n\n\n<figure class=\"wp-block-audio\"><audio controls src=\"https:\/\/rapian.de\/wp-content\/uploads\/2021\/02\/06-Tell-Me-Ma.mp3\"><\/audio><figcaption><strong>I Tell me Ma<\/strong><\/figcaption><\/figure>\n\n\n\n<figure class=\"wp-block-audio\"><audio controls src=\"https:\/\/rapian.de\/wp-content\/uploads\/2021\/02\/07-Dirty-Old-Town.mp3\"><\/audio><figcaption><strong>Dirty Old Town<\/strong><\/figcaption><\/figure>\n\n\n\n<figure class=\"wp-block-audio\"><audio controls src=\"https:\/\/rapian.de\/wp-content\/uploads\/2021\/02\/08-Danny-Boy.mp3\"><\/audio><figcaption><strong>Danny Boy<\/strong><\/figcaption><\/figure>\n\n\n\n<div style=\"height:100px\" aria-hidden=\"true\" class=\"wp-block-spacer\"><\/div>\n\n\n\n<h2 class=\"wp-block-heading\">CD 2<\/h2>\n\n\n\n\n\n<figure class=\"wp-block-audio\"><audio controls src=\"https:\/\/rapian.de\/wp-content\/uploads\/2022\/04\/01-Cliff-of-Dorneen.mp3\"><\/audio><figcaption><strong>Cliffs of Dorneen<\/strong><\/figcaption><\/figure>\n\n\n\n<figure class=\"wp-block-audio\"><audio controls src=\"https:\/\/rapian.de\/wp-content\/uploads\/2022\/04\/02-Jacobite-by-Name.mp3\"><\/audio><figcaption><strong>Ye Jacobites by Name<\/strong><\/figcaption><\/figure>\n\n\n\n<figure class=\"wp-block-audio\"><audio controls src=\"https:\/\/rapian.de\/wp-content\/uploads\/2022\/04\/03-Whiskey-in-the-Jar.mp3\"><\/audio><figcaption><strong>Whiskey in the Jar<\/strong><\/figcaption><\/figure>\n\n\n\n<figure class=\"wp-block-audio\"><audio controls src=\"https:\/\/rapian.de\/wp-content\/uploads\/2022\/04\/04-Maries-Wedding.mp3\"><\/audio><figcaption><strong>Marie&#8217;s Wedding<\/strong><\/figcaption><\/figure>\n\n\n\n<figure class=\"wp-block-audio\"><audio controls src=\"https:\/\/rapian.de\/wp-content\/uploads\/2022\/04\/05-Lord-of-the-Dance.mp3\"><\/audio><figcaption><strong>Lord of the Dance<\/strong><\/figcaption><\/figure>\n\n\n\n<figure class=\"wp-block-audio\"><audio controls src=\"https:\/\/rapian.de\/wp-content\/uploads\/2022\/04\/06-Salleys-Garden.mp3\"><\/audio><figcaption><strong>Down by the<\/strong> <strong>Salley&#8217;s Garden<\/strong><\/figcaption><\/figure>\n\n\n\n<figure class=\"wp-block-audio\"><audio controls src=\"https:\/\/rapian.de\/wp-content\/uploads\/2022\/04\/07-Three-Raven.mp3\"><\/audio><figcaption><strong>Three Raven<\/strong><\/figcaption><\/figure>\n\n\n\n<figure class=\"wp-block-audio\"><audio controls src=\"https:\/\/rapian.de\/wp-content\/uploads\/2022\/04\/08-Rose-Tattoo.mp3\"><\/audio><figcaption><strong>Rose Tattoo<\/strong><\/figcaption><\/figure>\n\n\n\n<figure class=\"wp-block-audio\"><audio controls src=\"https:\/\/rapian.de\/wp-content\/uploads\/2022\/04\/09-Raggle-Taggle-Gypsy.mp3\"><\/audio><figcaption><strong>Raggle Taggle Gypsy<\/strong><\/figcaption><\/figure>\n\n\n\n<figure class=\"wp-block-audio\"><audio controls src=\"https:\/\/rapian.de\/wp-content\/uploads\/2022\/04\/10-Weila-Weila-Walia.mp3\"><\/audio><figcaption><strong>Weila Weila Waila<\/strong><\/figcaption><\/figure>\n\n\n\n\n\n<p><\/p>\n","protected":false},"excerpt":{"rendered":"<p>Ja, ihr habt richtig gelesen. Es gibt jetzt fast professionelle Aufnahmen von einigen unserer Lieder. Jimmy Swamp, ein befreundeter Musiker, besitzt in seinen Proberaum ein Aufnahmef\u00e4higes Mischpult und hat uns sein Know-How und seine Zeit zur Verf\u00fcgung gestellt. Das haben wir nat\u00fcrlich gerne angenommen und einige unserer Lieder aufgenommen. Es ist eine sogenannte Live-Act Aufnahme,&hellip; <br \/> <a class=\"read-more\" href=\"https:\/\/rapian.de\/?page_id=103\">Weiterlesen<\/a><\/p>\n","protected":false},"author":1,"featured_media":0,"parent":0,"menu_order":0,"comment_status":"closed","ping_status":"closed","template":"","meta":{"footnotes":""},"class_list":["post-103","page","type-page","status-publish","hentry"],"_links":{"self":[{"href":"https:\/\/rapian.de\/index.php?rest_route=\/wp\/v2\/pages\/103"}],"collection":[{"href":"https:\/\/rapian.de\/index.php?rest_route=\/wp\/v2\/pages"}],"about":[{"href":"https:\/\/rapian.de\/index.php?rest_route=\/wp\/v2\/types\/page"}],"author":[{"embeddable":true,"href":"https:\/\/rapian.de\/index.php?rest_route=\/wp\/v2\/users\/1"}],"replies":[{"embeddable":true,"href":"https:\/\/rapian.de\/index.php?rest_route=%2Fwp%2Fv2%2Fcomments&post=103"}],"version-history":[{"count":11,"href":"https:\/\/rapian.de\/index.php?rest_route=\/wp\/v2\/pages\/103\/revisions"}],"predecessor-version":[{"id":504,"href":"https:\/\/rapian.de\/index.php?rest_route=\/wp\/v2\/pages\/103\/revisions\/504"}],"wp:attachment":[{"href":"https:\/\/rapian.de\/index.php?rest_route=%2Fwp%2Fv2%2Fmedia&parent=103"}],"curies":[{"name":"wp","href":"https:\/\/api.w.org\/{rel}","templated":true}]}}