{"id":101,"date":"2019-05-28T10:16:40","date_gmt":"2019-05-28T10:16:40","guid":{"rendered":"http:\/\/rapian.de\/?page_id=101"},"modified":"2026-01-03T14:52:58","modified_gmt":"2026-01-03T14:52:58","slug":"bildergalerie","status":"publish","type":"page","link":"https:\/\/rapian.de\/?page_id=101","title":{"rendered":"Bildergalerie"},"content":{"rendered":"\n<p class=\"has-text-align-center has-very-dark-gray-color has-text-color\"><strong>Bilder von vergangenen Auftritten, Proben oder der Band auf Abwegen. Wenn alles l\u00e4uft wie geplant dann auch mal professionelle Bilder, nat\u00fcrlich in der passenden Gewandung.<\/strong><\/p>\n\n\n\n<div style=\"height:100px\" aria-hidden=\"true\" class=\"wp-block-spacer\"><\/div>\n\n\n\n<figure class=\"wp-block-image size-large\"><img loading=\"lazy\" decoding=\"async\" width=\"1024\" height=\"768\" src=\"https:\/\/rapian.de\/wp-content\/uploads\/2026\/01\/IMG-20251015-WA0006-1024x768.jpg\" alt=\"\" class=\"wp-image-642\" srcset=\"https:\/\/rapian.de\/wp-content\/uploads\/2026\/01\/IMG-20251015-WA0006-1024x768.jpg 1024w, https:\/\/rapian.de\/wp-content\/uploads\/2026\/01\/IMG-20251015-WA0006-300x225.jpg 300w, https:\/\/rapian.de\/wp-content\/uploads\/2026\/01\/IMG-20251015-WA0006-768x576.jpg 768w, https:\/\/rapian.de\/wp-content\/uploads\/2026\/01\/IMG-20251015-WA0006-1536x1152.jpg 1536w, https:\/\/rapian.de\/wp-content\/uploads\/2026\/01\/IMG-20251015-WA0006-1440x1080.jpg 1440w, https:\/\/rapian.de\/wp-content\/uploads\/2026\/01\/IMG-20251015-WA0006.jpg 1600w\" sizes=\"(max-width: 1024px) 100vw, 1024px\" \/><figcaption class=\"wp-element-caption\">Konzert Anfang Oktober in Kirchheim (Pavillion)<\/figcaption><\/figure>\n\n\n\n<figure class=\"wp-block-image size-large\"><img loading=\"lazy\" decoding=\"async\" width=\"768\" height=\"1024\" src=\"https:\/\/rapian.de\/wp-content\/uploads\/2026\/01\/IMG-20250419-WA0004-768x1024.jpg\" alt=\"\" class=\"wp-image-640\" srcset=\"https:\/\/rapian.de\/wp-content\/uploads\/2026\/01\/IMG-20250419-WA0004-768x1024.jpg 768w, https:\/\/rapian.de\/wp-content\/uploads\/2026\/01\/IMG-20250419-WA0004-225x300.jpg 225w, https:\/\/rapian.de\/wp-content\/uploads\/2026\/01\/IMG-20250419-WA0004-1152x1536.jpg 1152w, https:\/\/rapian.de\/wp-content\/uploads\/2026\/01\/IMG-20250419-WA0004-1024x1365.jpg 1024w, https:\/\/rapian.de\/wp-content\/uploads\/2026\/01\/IMG-20250419-WA0004-810x1080.jpg 810w, https:\/\/rapian.de\/wp-content\/uploads\/2026\/01\/IMG-20250419-WA0004.jpg 1536w\" sizes=\"(max-width: 768px) 100vw, 768px\" \/><figcaption class=\"wp-element-caption\">Stra\u00dfenkonzert in Wasserburg, April 2025<\/figcaption><\/figure>\n\n\n\n<figure class=\"wp-block-image size-large\"><img loading=\"lazy\" decoding=\"async\" width=\"437\" height=\"451\" src=\"http:\/\/rapian.de\/wp-content\/uploads\/2019\/10\/Bild-2.jpg\" alt=\"\" class=\"wp-image-258\" srcset=\"https:\/\/rapian.de\/wp-content\/uploads\/2019\/10\/Bild-2.jpg 437w, https:\/\/rapian.de\/wp-content\/uploads\/2019\/10\/Bild-2-291x300.jpg 291w\" sizes=\"(max-width: 437px) 100vw, 437px\" \/><\/figure>\n\n\n\n<figure class=\"wp-block-gallery has-nested-images columns-default is-cropped wp-block-gallery-1 is-layout-flex wp-block-gallery-is-layout-flex\">\n<figure class=\"wp-block-image size-large\"><img loading=\"lazy\" decoding=\"async\" width=\"769\" height=\"591\" data-id=\"259\" src=\"http:\/\/rapian.de\/wp-content\/uploads\/2019\/10\/Bild-5.jpg\" alt=\"\" class=\"wp-image-259\" srcset=\"https:\/\/rapian.de\/wp-content\/uploads\/2019\/10\/Bild-5.jpg 769w, https:\/\/rapian.de\/wp-content\/uploads\/2019\/10\/Bild-5-300x231.jpg 300w, https:\/\/rapian.de\/wp-content\/uploads\/2019\/10\/Bild-5-768x590.jpg 768w\" sizes=\"(max-width: 769px) 100vw, 769px\" \/><\/figure>\n\n\n\n<figure class=\"wp-block-image size-large\"><img loading=\"lazy\" decoding=\"async\" width=\"745\" height=\"367\" data-id=\"260\" src=\"http:\/\/rapian.de\/wp-content\/uploads\/2019\/10\/Bild-6.jpg\" alt=\"\" class=\"wp-image-260\" srcset=\"https:\/\/rapian.de\/wp-content\/uploads\/2019\/10\/Bild-6.jpg 745w, https:\/\/rapian.de\/wp-content\/uploads\/2019\/10\/Bild-6-300x148.jpg 300w\" sizes=\"(max-width: 745px) 100vw, 745px\" \/><\/figure>\n<\/figure>\n\n\n\n<p class=\"has-text-align-center has-very-dark-gray-color has-text-color\">Ein bisschen unscharf, da von einem etwas \u00e4lteren Handymodell stammend. Hier spielen wir in der G\u00e4rtnerei Fuchs auf einem offenen Gartentag. Bei drei\u00dfig Grad in einem Gew\u00e4chshaus &#8211; fast w\u00e4ren uns die Instrumente weggerutscht. Aber Spa\u00df gemacht hat&#8217;s trotzdem und das Publikum war auch gut drauf<\/p>\n\n\n\n<div style=\"height:100px\" aria-hidden=\"true\" class=\"wp-block-spacer\"><\/div>\n\n\n\n<figure class=\"wp-block-gallery has-nested-images columns-default is-cropped wp-block-gallery-2 is-layout-flex wp-block-gallery-is-layout-flex\">\n<figure class=\"wp-block-image size-large\"><img loading=\"lazy\" decoding=\"async\" width=\"1024\" height=\"683\" data-id=\"60\" src=\"http:\/\/rapian.de\/wp-content\/uploads\/2019\/04\/19702826_1610134539016841_5229769781273999402_o-1024x683.jpg\" alt=\"\" class=\"wp-image-60\" srcset=\"https:\/\/rapian.de\/wp-content\/uploads\/2019\/04\/19702826_1610134539016841_5229769781273999402_o-1024x683.jpg 1024w, https:\/\/rapian.de\/wp-content\/uploads\/2019\/04\/19702826_1610134539016841_5229769781273999402_o-300x200.jpg 300w, https:\/\/rapian.de\/wp-content\/uploads\/2019\/04\/19702826_1610134539016841_5229769781273999402_o-768x512.jpg 768w, https:\/\/rapian.de\/wp-content\/uploads\/2019\/04\/19702826_1610134539016841_5229769781273999402_o.jpg 1296w\" sizes=\"(max-width: 1024px) 100vw, 1024px\" \/><\/figure>\n\n\n\n<figure class=\"wp-block-image size-large\"><img loading=\"lazy\" decoding=\"async\" width=\"1024\" height=\"683\" data-id=\"59\" src=\"http:\/\/rapian.de\/wp-content\/uploads\/2019\/04\/19621244_1610134615683500_3480398260144093515_o-1024x683.jpg\" alt=\"\" class=\"wp-image-59\" srcset=\"https:\/\/rapian.de\/wp-content\/uploads\/2019\/04\/19621244_1610134615683500_3480398260144093515_o-1024x683.jpg 1024w, https:\/\/rapian.de\/wp-content\/uploads\/2019\/04\/19621244_1610134615683500_3480398260144093515_o-300x200.jpg 300w, https:\/\/rapian.de\/wp-content\/uploads\/2019\/04\/19621244_1610134615683500_3480398260144093515_o-768x512.jpg 768w, https:\/\/rapian.de\/wp-content\/uploads\/2019\/04\/19621244_1610134615683500_3480398260144093515_o.jpg 1296w\" sizes=\"(max-width: 1024px) 100vw, 1024px\" \/><\/figure>\n\n\n\n<figure class=\"wp-block-image size-large\"><img loading=\"lazy\" decoding=\"async\" width=\"1024\" height=\"683\" data-id=\"58\" src=\"http:\/\/rapian.de\/wp-content\/uploads\/2019\/04\/19620156_1610135182350110_3192303968081617501_o-1024x683.jpg\" alt=\"\" class=\"wp-image-58\" srcset=\"https:\/\/rapian.de\/wp-content\/uploads\/2019\/04\/19620156_1610135182350110_3192303968081617501_o-1024x683.jpg 1024w, https:\/\/rapian.de\/wp-content\/uploads\/2019\/04\/19620156_1610135182350110_3192303968081617501_o-300x200.jpg 300w, https:\/\/rapian.de\/wp-content\/uploads\/2019\/04\/19620156_1610135182350110_3192303968081617501_o-768x512.jpg 768w, https:\/\/rapian.de\/wp-content\/uploads\/2019\/04\/19620156_1610135182350110_3192303968081617501_o.jpg 1296w\" sizes=\"(max-width: 1024px) 100vw, 1024px\" \/><\/figure>\n<\/figure>\n\n\n\n<p class=\"has-text-align-center has-very-dark-gray-color has-text-color\">Einige Fotos von einem unserer mittlerweile recht zahlreichen Auftritte als Vorband der Crazy Country Jesters. So weit ich mich erinnere war das einer unserer ersten Auftritte als Rapian. <\/p>\n\n\n\n<div style=\"height:100px\" aria-hidden=\"true\" class=\"wp-block-spacer\"><\/div>\n\n\n\n<figure class=\"wp-block-gallery has-nested-images columns-default is-cropped wp-block-gallery-3 is-layout-flex wp-block-gallery-is-layout-flex\">\n<figure class=\"wp-block-image size-large\"><img loading=\"lazy\" decoding=\"async\" width=\"1007\" height=\"672\" data-id=\"178\" src=\"http:\/\/rapian.de\/wp-content\/uploads\/2019\/05\/ITF-Saloon-2017-08-11.jpg\" alt=\"\" class=\"wp-image-178\" srcset=\"https:\/\/rapian.de\/wp-content\/uploads\/2019\/05\/ITF-Saloon-2017-08-11.jpg 1007w, https:\/\/rapian.de\/wp-content\/uploads\/2019\/05\/ITF-Saloon-2017-08-11-300x200.jpg 300w, https:\/\/rapian.de\/wp-content\/uploads\/2019\/05\/ITF-Saloon-2017-08-11-768x513.jpg 768w\" sizes=\"(max-width: 1007px) 100vw, 1007px\" \/><\/figure>\n\n\n\n<figure class=\"wp-block-image size-large\"><img loading=\"lazy\" decoding=\"async\" width=\"1006\" height=\"679\" data-id=\"179\" src=\"http:\/\/rapian.de\/wp-content\/uploads\/2019\/05\/ITF-Saloon-2017-08-11-2.jpg\" alt=\"\" class=\"wp-image-179\" srcset=\"https:\/\/rapian.de\/wp-content\/uploads\/2019\/05\/ITF-Saloon-2017-08-11-2.jpg 1006w, https:\/\/rapian.de\/wp-content\/uploads\/2019\/05\/ITF-Saloon-2017-08-11-2-300x202.jpg 300w, https:\/\/rapian.de\/wp-content\/uploads\/2019\/05\/ITF-Saloon-2017-08-11-2-768x518.jpg 768w\" sizes=\"(max-width: 1006px) 100vw, 1006px\" \/><\/figure>\n<\/figure>\n\n\n\n<p class=\"has-text-align-center has-very-dark-gray-color has-text-color\">Einer unserer ersten Auftritte, auf dem Indianer-und-Trapper-Festival &#8217;17 in Hallbergmoos. Wir durften als Vor-und Zwischenband im kleinen Salon spielen. War ne super Stimmung da und wir haben sogar echte Fans gewonnen.<\/p>\n\n\n\n<div style=\"height:100px\" aria-hidden=\"true\" class=\"wp-block-spacer\"><\/div>\n\n\n\n<figure class=\"wp-block-gallery has-nested-images columns-default is-cropped wp-block-gallery-4 is-layout-flex wp-block-gallery-is-layout-flex\">\n<figure class=\"wp-block-image size-large\"><img loading=\"lazy\" decoding=\"async\" width=\"861\" height=\"1024\" data-id=\"482\" src=\"https:\/\/rapian.de\/wp-content\/uploads\/2022\/02\/Bild1-MAKS-zugeschnitten-1-861x1024.jpg\" alt=\"\" class=\"wp-image-482\" srcset=\"https:\/\/rapian.de\/wp-content\/uploads\/2022\/02\/Bild1-MAKS-zugeschnitten-1-861x1024.jpg 861w, https:\/\/rapian.de\/wp-content\/uploads\/2022\/02\/Bild1-MAKS-zugeschnitten-1-252x300.jpg 252w, https:\/\/rapian.de\/wp-content\/uploads\/2022\/02\/Bild1-MAKS-zugeschnitten-1-768x914.jpg 768w, https:\/\/rapian.de\/wp-content\/uploads\/2022\/02\/Bild1-MAKS-zugeschnitten-1-1291x1536.jpg 1291w, https:\/\/rapian.de\/wp-content\/uploads\/2022\/02\/Bild1-MAKS-zugeschnitten-1-1722x2048.jpg 1722w, https:\/\/rapian.de\/wp-content\/uploads\/2022\/02\/Bild1-MAKS-zugeschnitten-1-1024x1218.jpg 1024w, https:\/\/rapian.de\/wp-content\/uploads\/2022\/02\/Bild1-MAKS-zugeschnitten-1-908x1080.jpg 908w\" sizes=\"(max-width: 861px) 100vw, 861px\" \/><\/figure>\n\n\n\n<figure class=\"wp-block-image size-large\"><img loading=\"lazy\" decoding=\"async\" width=\"930\" height=\"1024\" data-id=\"483\" src=\"https:\/\/rapian.de\/wp-content\/uploads\/2022\/02\/Bild2-MAKS-zugeschnitten-1-930x1024.jpg\" alt=\"\" class=\"wp-image-483\" srcset=\"https:\/\/rapian.de\/wp-content\/uploads\/2022\/02\/Bild2-MAKS-zugeschnitten-1-930x1024.jpg 930w, https:\/\/rapian.de\/wp-content\/uploads\/2022\/02\/Bild2-MAKS-zugeschnitten-1-272x300.jpg 272w, https:\/\/rapian.de\/wp-content\/uploads\/2022\/02\/Bild2-MAKS-zugeschnitten-1-768x846.jpg 768w, https:\/\/rapian.de\/wp-content\/uploads\/2022\/02\/Bild2-MAKS-zugeschnitten-1-1395x1536.jpg 1395w, https:\/\/rapian.de\/wp-content\/uploads\/2022\/02\/Bild2-MAKS-zugeschnitten-1-1860x2048.jpg 1860w, https:\/\/rapian.de\/wp-content\/uploads\/2022\/02\/Bild2-MAKS-zugeschnitten-1-1024x1127.jpg 1024w, https:\/\/rapian.de\/wp-content\/uploads\/2022\/02\/Bild2-MAKS-zugeschnitten-1-981x1080.jpg 981w\" sizes=\"(max-width: 930px) 100vw, 930px\" \/><\/figure>\n<\/figure>\n\n\n\n<p class=\"has-text-align-center has-very-dark-gray-color has-text-color\">Ein paar meiner Lieblingsbilder &#8211; ich finde die Farben und auch das Format einfach super &#8211; vom MAKS in Dachau. Von da stammen auch vieler unserer Live-Aufnahmen, falls ihr euch daf\u00fcr interessiert, dann schaut doch mal <a href=\"http:\/\/rapian.de\/?page_id=23\">bei unseren Aufnahmen<\/a> vorbei.  Oh &#8211; und man kann es auf den Fotos ganz gut erkennen, wir haben da in einem Zirkuszelt gespielt und hatten Platz f\u00fcr ungef\u00e4hr 10-mal so viele Leute. Das war mal eine angenehme Abwechslung zu den sonst immer recht kleinen B\u00fchnen<\/p>\n\n\n\n<div style=\"height:100px\" aria-hidden=\"true\" class=\"wp-block-spacer\"><\/div>\n\n\n\n<figure class=\"wp-block-gallery aligncenter has-nested-images columns-default is-cropped wp-block-gallery-5 is-layout-flex wp-block-gallery-is-layout-flex\">\n<figure class=\"wp-block-image size-large\"><img loading=\"lazy\" decoding=\"async\" width=\"961\" height=\"1024\" data-id=\"484\" src=\"https:\/\/rapian.de\/wp-content\/uploads\/2022\/02\/Pasing-01-2019-12-11-zugeschnitten-961x1024.jpg\" alt=\"\" class=\"wp-image-484\" srcset=\"https:\/\/rapian.de\/wp-content\/uploads\/2022\/02\/Pasing-01-2019-12-11-zugeschnitten-961x1024.jpg 961w, https:\/\/rapian.de\/wp-content\/uploads\/2022\/02\/Pasing-01-2019-12-11-zugeschnitten-281x300.jpg 281w, https:\/\/rapian.de\/wp-content\/uploads\/2022\/02\/Pasing-01-2019-12-11-zugeschnitten-768x819.jpg 768w, https:\/\/rapian.de\/wp-content\/uploads\/2022\/02\/Pasing-01-2019-12-11-zugeschnitten-1024x1091.jpg 1024w, https:\/\/rapian.de\/wp-content\/uploads\/2022\/02\/Pasing-01-2019-12-11-zugeschnitten-1013x1080.jpg 1013w, https:\/\/rapian.de\/wp-content\/uploads\/2022\/02\/Pasing-01-2019-12-11-zugeschnitten.jpg 1199w\" sizes=\"(max-width: 961px) 100vw, 961px\" \/><\/figure>\n\n\n\n<figure class=\"wp-block-image size-large\"><img loading=\"lazy\" decoding=\"async\" width=\"1024\" height=\"797\" data-id=\"485\" src=\"https:\/\/rapian.de\/wp-content\/uploads\/2022\/02\/Pasing-02-2019-12-11-zugeschnitten-1024x797.jpg\" alt=\"\" class=\"wp-image-485\" srcset=\"https:\/\/rapian.de\/wp-content\/uploads\/2022\/02\/Pasing-02-2019-12-11-zugeschnitten-1024x797.jpg 1024w, https:\/\/rapian.de\/wp-content\/uploads\/2022\/02\/Pasing-02-2019-12-11-zugeschnitten-300x234.jpg 300w, https:\/\/rapian.de\/wp-content\/uploads\/2022\/02\/Pasing-02-2019-12-11-zugeschnitten-768x598.jpg 768w, https:\/\/rapian.de\/wp-content\/uploads\/2022\/02\/Pasing-02-2019-12-11-zugeschnitten.jpg 1378w\" sizes=\"(max-width: 1024px) 100vw, 1024px\" \/><\/figure>\n<\/figure>\n\n\n\n<p class=\"has-text-align-center has-black-color has-text-color\">Ein kleiner aber feiner Auftritt in 2019 in Pasing, an den ich mich leider mittlerweile fast nicht mehr erinnern kann, g\u00e4be es nicht ein paar Fotos als Andenken.<\/p>\n\n\n\n<div style=\"height:100px\" aria-hidden=\"true\" class=\"wp-block-spacer\"><\/div>\n\n\n\n<figure class=\"wp-block-gallery aligncenter has-nested-images columns-default is-cropped wp-block-gallery-6 is-layout-flex wp-block-gallery-is-layout-flex\">\n<figure class=\"wp-block-image size-large\"><img loading=\"lazy\" decoding=\"async\" width=\"1024\" height=\"768\" data-id=\"464\" src=\"https:\/\/rapian.de\/wp-content\/uploads\/2022\/02\/Privat-Fest-2019-11-12-1024x768.jpg\" alt=\"\" class=\"wp-image-464\" srcset=\"https:\/\/rapian.de\/wp-content\/uploads\/2022\/02\/Privat-Fest-2019-11-12-1024x768.jpg 1024w, https:\/\/rapian.de\/wp-content\/uploads\/2022\/02\/Privat-Fest-2019-11-12-300x225.jpg 300w, https:\/\/rapian.de\/wp-content\/uploads\/2022\/02\/Privat-Fest-2019-11-12-768x576.jpg 768w, https:\/\/rapian.de\/wp-content\/uploads\/2022\/02\/Privat-Fest-2019-11-12-1536x1152.jpg 1536w, https:\/\/rapian.de\/wp-content\/uploads\/2022\/02\/Privat-Fest-2019-11-12-1440x1080.jpg 1440w, https:\/\/rapian.de\/wp-content\/uploads\/2022\/02\/Privat-Fest-2019-11-12.jpg 1600w\" sizes=\"(max-width: 1024px) 100vw, 1024px\" \/><\/figure>\n<\/figure>\n\n\n\n<p class=\"has-text-align-center has-black-color has-text-color\">Von diesem Auftritt gibt es nur wenige Fotos. Wir spielen auf einer privaten Feier in einem sch\u00f6nen alten Gasthaus. Ein sehr lustiger Abend, nat\u00fcrlich auch weil alle G\u00e4ste gut gelaunt waren \ud83d\ude42<\/p>\n\n\n\n<div style=\"height:100px\" aria-hidden=\"true\" class=\"wp-block-spacer\"><\/div>\n\n\n\n<figure class=\"wp-block-gallery aligncenter has-nested-images columns-default is-cropped wp-block-gallery-7 is-layout-flex wp-block-gallery-is-layout-flex\">\n<figure class=\"wp-block-image size-large\"><img loading=\"lazy\" decoding=\"async\" width=\"1024\" height=\"562\" data-id=\"466\" src=\"https:\/\/rapian.de\/wp-content\/uploads\/2022\/02\/Interkulturelles-familien-Fest-03-1024x562.jpg\" alt=\"\" class=\"wp-image-466\" srcset=\"https:\/\/rapian.de\/wp-content\/uploads\/2022\/02\/Interkulturelles-familien-Fest-03-1024x562.jpg 1024w, https:\/\/rapian.de\/wp-content\/uploads\/2022\/02\/Interkulturelles-familien-Fest-03-300x165.jpg 300w, https:\/\/rapian.de\/wp-content\/uploads\/2022\/02\/Interkulturelles-familien-Fest-03-768x422.jpg 768w, https:\/\/rapian.de\/wp-content\/uploads\/2022\/02\/Interkulturelles-familien-Fest-03.jpg 1080w\" sizes=\"(max-width: 1024px) 100vw, 1024px\" \/><\/figure>\n\n\n\n<figure class=\"wp-block-image size-large\"><img loading=\"lazy\" decoding=\"async\" width=\"940\" height=\"587\" data-id=\"467\" src=\"https:\/\/rapian.de\/wp-content\/uploads\/2022\/02\/Interkulturelles-familien-Fest-11.jpg\" alt=\"\" class=\"wp-image-467\" srcset=\"https:\/\/rapian.de\/wp-content\/uploads\/2022\/02\/Interkulturelles-familien-Fest-11.jpg 940w, https:\/\/rapian.de\/wp-content\/uploads\/2022\/02\/Interkulturelles-familien-Fest-11-300x187.jpg 300w, https:\/\/rapian.de\/wp-content\/uploads\/2022\/02\/Interkulturelles-familien-Fest-11-768x480.jpg 768w\" sizes=\"(max-width: 940px) 100vw, 940px\" \/><\/figure>\n\n\n\n<figure class=\"wp-block-image size-large\"><img loading=\"lazy\" decoding=\"async\" width=\"793\" height=\"551\" data-id=\"468\" src=\"https:\/\/rapian.de\/wp-content\/uploads\/2022\/02\/Interkulturelles-familien-Fest-19.jpg\" alt=\"\" class=\"wp-image-468\" srcset=\"https:\/\/rapian.de\/wp-content\/uploads\/2022\/02\/Interkulturelles-familien-Fest-19.jpg 793w, https:\/\/rapian.de\/wp-content\/uploads\/2022\/02\/Interkulturelles-familien-Fest-19-300x208.jpg 300w, https:\/\/rapian.de\/wp-content\/uploads\/2022\/02\/Interkulturelles-familien-Fest-19-768x534.jpg 768w\" sizes=\"(max-width: 793px) 100vw, 793px\" \/><\/figure>\n\n\n\n<figure class=\"wp-block-image size-large\"><img loading=\"lazy\" decoding=\"async\" width=\"1024\" height=\"575\" data-id=\"470\" src=\"https:\/\/rapian.de\/wp-content\/uploads\/2022\/02\/Interkulturelles-familien-Fest-02-1-1024x575.jpg\" alt=\"\" class=\"wp-image-470\" srcset=\"https:\/\/rapian.de\/wp-content\/uploads\/2022\/02\/Interkulturelles-familien-Fest-02-1-1024x575.jpg 1024w, https:\/\/rapian.de\/wp-content\/uploads\/2022\/02\/Interkulturelles-familien-Fest-02-1-300x168.jpg 300w, https:\/\/rapian.de\/wp-content\/uploads\/2022\/02\/Interkulturelles-familien-Fest-02-1-768x431.jpg 768w, https:\/\/rapian.de\/wp-content\/uploads\/2022\/02\/Interkulturelles-familien-Fest-02-1.jpg 1112w\" sizes=\"(max-width: 1024px) 100vw, 1024px\" \/><\/figure>\n\n\n\n<figure class=\"wp-block-image size-large\"><img loading=\"lazy\" decoding=\"async\" width=\"1024\" height=\"585\" data-id=\"471\" src=\"https:\/\/rapian.de\/wp-content\/uploads\/2022\/02\/Interkulturelles-familien-Fest-18-1024x585.jpg\" alt=\"\" class=\"wp-image-471\" srcset=\"https:\/\/rapian.de\/wp-content\/uploads\/2022\/02\/Interkulturelles-familien-Fest-18-1024x585.jpg 1024w, https:\/\/rapian.de\/wp-content\/uploads\/2022\/02\/Interkulturelles-familien-Fest-18-300x171.jpg 300w, https:\/\/rapian.de\/wp-content\/uploads\/2022\/02\/Interkulturelles-familien-Fest-18-768x439.jpg 768w, https:\/\/rapian.de\/wp-content\/uploads\/2022\/02\/Interkulturelles-familien-Fest-18.jpg 1068w\" sizes=\"(max-width: 1024px) 100vw, 1024px\" \/><\/figure>\n<\/figure>\n\n\n\n<p class=\"has-text-align-center has-black-color has-text-color\">Anfang August 2021 fand das Interkulturelle Familienfest in Dachau zum ersten Mal digital statt &#8211; und wir waren mit von der Partie! Professionell aufgenommen, live gestreamt und sogar mit Moderator, das war schon ein besonderes Erlebnis. Und ich denke wir haben selten so gut abgemischt gespielt. <\/p>\n","protected":false},"excerpt":{"rendered":"<p>Bilder von vergangenen Auftritten, Proben oder der Band auf Abwegen. Wenn alles l\u00e4uft wie geplant dann auch mal professionelle Bilder, nat\u00fcrlich in der passenden Gewandung. Ein bisschen unscharf, da von einem etwas \u00e4lteren Handymodell stammend. Hier spielen wir in der G\u00e4rtnerei Fuchs auf einem offenen Gartentag. Bei drei\u00dfig Grad in einem Gew\u00e4chshaus &#8211; fast w\u00e4ren&hellip; <br \/> <a class=\"read-more\" href=\"https:\/\/rapian.de\/?page_id=101\">Weiterlesen<\/a><\/p>\n","protected":false},"author":1,"featured_media":0,"parent":0,"menu_order":0,"comment_status":"closed","ping_status":"closed","template":"","meta":{"footnotes":""},"class_list":["post-101","page","type-page","status-publish","hentry"],"_links":{"self":[{"href":"https:\/\/rapian.de\/index.php?rest_route=\/wp\/v2\/pages\/101"}],"collection":[{"href":"https:\/\/rapian.de\/index.php?rest_route=\/wp\/v2\/pages"}],"about":[{"href":"https:\/\/rapian.de\/index.php?rest_route=\/wp\/v2\/types\/page"}],"author":[{"embeddable":true,"href":"https:\/\/rapian.de\/index.php?rest_route=\/wp\/v2\/users\/1"}],"replies":[{"embeddable":true,"href":"https:\/\/rapian.de\/index.php?rest_route=%2Fwp%2Fv2%2Fcomments&post=101"}],"version-history":[{"count":22,"href":"https:\/\/rapian.de\/index.php?rest_route=\/wp\/v2\/pages\/101\/revisions"}],"predecessor-version":[{"id":643,"href":"https:\/\/rapian.de\/index.php?rest_route=\/wp\/v2\/pages\/101\/revisions\/643"}],"wp:attachment":[{"href":"https:\/\/rapian.de\/index.php?rest_route=%2Fwp%2Fv2%2Fmedia&parent=101"}],"curies":[{"name":"wp","href":"https:\/\/api.w.org\/{rel}","templated":true}]}}