{"id":100,"date":"2019-05-28T10:16:40","date_gmt":"2019-05-28T10:16:40","guid":{"rendered":"http:\/\/rapian.de\/?page_id=100"},"modified":"2023-06-23T08:15:08","modified_gmt":"2023-06-23T08:15:08","slug":"kontakt","status":"publish","type":"page","link":"https:\/\/rapian.de\/?page_id=100","title":{"rendered":"Kontakt"},"content":{"rendered":"\n<p class=\"has-very-dark-gray-color has-text-color\"><strong> Falls ihr mit uns Kontakt aufnehmen wollt seit ihr hier richtig. Oder wenn ihr uns nur sagen wollt wie toll wir sind. <\/strong><\/p>\n\n\n\n<div style=\"height:100px\" aria-hidden=\"true\" class=\"wp-block-spacer\"><\/div>\n\n\n\n<p class=\"has-very-dark-gray-color has-text-color\">Falls ihr Fragen zu unserer Musik habt, mal unverbindlich wissen wollt, ob wir nicht auf eurer Geburtstagsfeier oder (fast) jeder beliebigen anderen Veranstaltung auftreten wollen oder uns Anregungen oder Kommentare geben wollt. dann schreibt uns einfach eine Mail an <strong>info@rapian.de<\/strong><\/p>\n\n\n\n<p><\/p>\n\n\n\n<p class=\"has-very-dark-gray-color has-text-color\">Wir k\u00f6nnen sowohl Gema-frei als auch (dann mit ein bisschen moderneren Musik) nicht Gema-frei spielen. Unser aktuelles Set (reine Musik-L\u00e4nge) dauert derzeit etwa 100 Minuten. Live w\u00fcrde sich die Auftrittszeit entsprechend der Ansagen vor den Liedern und m\u00f6glichen Applaus verl\u00e4ngern, so das es vermutlich einen fast 2 st\u00fcndigen Auftritt entspricht.<\/p>\n","protected":false},"excerpt":{"rendered":"<p>Falls ihr mit uns Kontakt aufnehmen wollt seit ihr hier richtig. Oder wenn ihr uns nur sagen wollt wie toll wir sind. Falls ihr Fragen zu unserer Musik habt, mal unverbindlich wissen wollt, ob wir nicht auf eurer Geburtstagsfeier oder (fast) jeder beliebigen anderen Veranstaltung auftreten wollen oder uns Anregungen oder Kommentare geben wollt. dann&hellip; <br \/> <a class=\"read-more\" href=\"https:\/\/rapian.de\/?page_id=100\">Weiterlesen<\/a><\/p>\n","protected":false},"author":1,"featured_media":0,"parent":0,"menu_order":0,"comment_status":"closed","ping_status":"closed","template":"","meta":{"footnotes":""},"class_list":["post-100","page","type-page","status-publish","hentry"],"_links":{"self":[{"href":"https:\/\/rapian.de\/index.php?rest_route=\/wp\/v2\/pages\/100"}],"collection":[{"href":"https:\/\/rapian.de\/index.php?rest_route=\/wp\/v2\/pages"}],"about":[{"href":"https:\/\/rapian.de\/index.php?rest_route=\/wp\/v2\/types\/page"}],"author":[{"embeddable":true,"href":"https:\/\/rapian.de\/index.php?rest_route=\/wp\/v2\/users\/1"}],"replies":[{"embeddable":true,"href":"https:\/\/rapian.de\/index.php?rest_route=%2Fwp%2Fv2%2Fcomments&post=100"}],"version-history":[{"count":8,"href":"https:\/\/rapian.de\/index.php?rest_route=\/wp\/v2\/pages\/100\/revisions"}],"predecessor-version":[{"id":557,"href":"https:\/\/rapian.de\/index.php?rest_route=\/wp\/v2\/pages\/100\/revisions\/557"}],"wp:attachment":[{"href":"https:\/\/rapian.de\/index.php?rest_route=%2Fwp%2Fv2%2Fmedia&parent=100"}],"curies":[{"name":"wp","href":"https:\/\/api.w.org\/{rel}","templated":true}]}}